{"id":52453,"date":"2024-06-12T15:48:31","date_gmt":"2024-06-12T13:48:31","guid":{"rendered":"https:\/\/aritco.kumpan.dev\/?page_id=52453"},"modified":"2024-06-12T15:48:31","modified_gmt":"2024-06-12T13:48:31","slug":"aussenaufzuege","status":"publish","type":"page","link":"https:\/\/www.aritco.com\/de\/produkte\/aussenaufzuege\/","title":{"rendered":"Au\u00dfenaufz\u00fcge"},"content":{"rendered":"","protected":false},"excerpt":{"rendered":"","protected":false},"author":10,"featured_media":0,"parent":7069,"menu_order":0,"comment_status":"closed","ping_status":"closed","template":"","meta":{"_acf_changed":false,"footnotes":""},"class_list":["post-52453","page","type-page","status-publish","hentry"],"acf":[],"yoast_head":"<!-- This site is optimized with the Yoast SEO Premium plugin v26.6 (Yoast SEO v26.6) - https:\/\/yoast.com\/wordpress\/plugins\/seo\/ -->\n<title>Au\u00dfenaufz\u00fcge - Wetterfeste und platzsparende Aufz\u00fcge - Aritco<\/title>\n<meta name=\"description\" content=\"Unsere Au\u00dfenaufz\u00fcge sind speziell f\u00fcr Bedingungen im Freien, einschlie\u00dflich unterschiedlicher Wetterbedingungen und Temperaturen, ausgelegt.\" \/>\n<meta name=\"robots\" content=\"index, follow, max-snippet:-1, max-image-preview:large, max-video-preview:-1\" \/>\n<link rel=\"canonical\" href=\"https:\/\/www.aritco.com\/de\/produkte\/aussenaufzuege\/\" \/>\n<meta property=\"og:locale\" content=\"de_DE\" \/>\n<meta property=\"og:type\" content=\"article\" \/>\n<meta property=\"og:title\" content=\"Au\u00dfenaufz\u00fcge\" \/>\n<meta property=\"og:description\" content=\"Unsere Au\u00dfenaufz\u00fcge sind speziell f\u00fcr Bedingungen im Freien, einschlie\u00dflich unterschiedlicher Wetterbedingungen und Temperaturen, ausgelegt.\" \/>\n<meta property=\"og:url\" content=\"https:\/\/www.aritco.com\/de\/produkte\/aussenaufzuege\/\" \/>\n<meta property=\"og:site_name\" content=\"Aritco\" \/>\n<meta name=\"twitter:card\" content=\"summary_large_image\" \/>\n<script type=\"application\/ld+json\" class=\"yoast-schema-graph\">{\"@context\":\"https:\/\/schema.org\",\"@graph\":[{\"@type\":\"WebPage\",\"@id\":\"https:\/\/www.aritco.com\/de\/produkte\/aussenaufzuege\/\",\"url\":\"https:\/\/www.aritco.com\/de\/produkte\/aussenaufzuege\/\",\"name\":\"Au\u00dfenaufz\u00fcge - Wetterfeste und platzsparende Aufz\u00fcge - Aritco\",\"isPartOf\":{\"@id\":\"https:\/\/www.aritco.com\/de\/#website\"},\"datePublished\":\"2024-06-12T13:48:31+00:00\",\"description\":\"Unsere Au\u00dfenaufz\u00fcge sind speziell f\u00fcr Bedingungen im Freien, einschlie\u00dflich unterschiedlicher Wetterbedingungen und Temperaturen, ausgelegt.\",\"breadcrumb\":{\"@id\":\"https:\/\/www.aritco.com\/de\/produkte\/aussenaufzuege\/#breadcrumb\"},\"inLanguage\":\"de\",\"potentialAction\":[{\"@type\":\"ReadAction\",\"target\":[\"https:\/\/www.aritco.com\/de\/produkte\/aussenaufzuege\/\"]}]},{\"@type\":\"BreadcrumbList\",\"@id\":\"https:\/\/www.aritco.com\/de\/produkte\/aussenaufzuege\/#breadcrumb\",\"itemListElement\":[{\"@type\":\"ListItem\",\"position\":1,\"name\":\"Produkte\",\"item\":\"https:\/\/www.aritco.com\/de\/produkte\/\"},{\"@type\":\"ListItem\",\"position\":2,\"name\":\"Au\u00dfenaufz\u00fcge\"}]},{\"@type\":\"WebSite\",\"@id\":\"https:\/\/www.aritco.com\/de\/#website\",\"url\":\"https:\/\/www.aritco.com\/de\/\",\"name\":\"Aritco\",\"description\":\"Award-winning lifts for homes and public and commercial use\",\"publisher\":{\"@id\":\"https:\/\/www.aritco.com\/de\/#organization\"},\"potentialAction\":[{\"@type\":\"SearchAction\",\"target\":{\"@type\":\"EntryPoint\",\"urlTemplate\":\"https:\/\/www.aritco.com\/de\/?s={search_term_string}\"},\"query-input\":{\"@type\":\"PropertyValueSpecification\",\"valueRequired\":true,\"valueName\":\"search_term_string\"}}],\"inLanguage\":\"de\"},{\"@type\":\"Organization\",\"@id\":\"https:\/\/www.aritco.com\/de\/#organization\",\"name\":\"Aritco\",\"url\":\"https:\/\/www.aritco.com\/de\/\",\"logo\":{\"@type\":\"ImageObject\",\"inLanguage\":\"de\",\"@id\":\"https:\/\/www.aritco.com\/de\/#\/schema\/logo\/image\/\",\"url\":\"https:\/\/www.aritco.com\/wp-content\/uploads\/2019\/05\/vertical-3.svg\",\"contentUrl\":\"https:\/\/www.aritco.com\/wp-content\/uploads\/2019\/05\/vertical-3.svg\",\"width\":1,\"height\":1,\"caption\":\"Aritco\"},\"image\":{\"@id\":\"https:\/\/www.aritco.com\/de\/#\/schema\/logo\/image\/\"},\"publishingPrinciples\":\"https:\/\/www.aritco.com\/about-aritco\/\"}]}<\/script>\n<!-- \/ Yoast SEO Premium plugin. -->","yoast_head_json":{"title":"Au\u00dfenaufz\u00fcge - Wetterfeste und platzsparende Aufz\u00fcge - Aritco","description":"Unsere Au\u00dfenaufz\u00fcge sind speziell f\u00fcr Bedingungen im Freien, einschlie\u00dflich unterschiedlicher Wetterbedingungen und Temperaturen, ausgelegt.","robots":{"index":"index","follow":"follow","max-snippet":"max-snippet:-1","max-image-preview":"max-image-preview:large","max-video-preview":"max-video-preview:-1"},"canonical":"https:\/\/www.aritco.com\/de\/produkte\/aussenaufzuege\/","og_locale":"de_DE","og_type":"article","og_title":"Au\u00dfenaufz\u00fcge","og_description":"Unsere Au\u00dfenaufz\u00fcge sind speziell f\u00fcr Bedingungen im Freien, einschlie\u00dflich unterschiedlicher Wetterbedingungen und Temperaturen, ausgelegt.","og_url":"https:\/\/www.aritco.com\/de\/produkte\/aussenaufzuege\/","og_site_name":"Aritco","twitter_card":"summary_large_image","schema":{"@context":"https:\/\/schema.org","@graph":[{"@type":"WebPage","@id":"https:\/\/www.aritco.com\/de\/produkte\/aussenaufzuege\/","url":"https:\/\/www.aritco.com\/de\/produkte\/aussenaufzuege\/","name":"Au\u00dfenaufz\u00fcge - Wetterfeste und platzsparende Aufz\u00fcge - Aritco","isPartOf":{"@id":"https:\/\/www.aritco.com\/de\/#website"},"datePublished":"2024-06-12T13:48:31+00:00","description":"Unsere Au\u00dfenaufz\u00fcge sind speziell f\u00fcr Bedingungen im Freien, einschlie\u00dflich unterschiedlicher Wetterbedingungen und Temperaturen, ausgelegt.","breadcrumb":{"@id":"https:\/\/www.aritco.com\/de\/produkte\/aussenaufzuege\/#breadcrumb"},"inLanguage":"de","potentialAction":[{"@type":"ReadAction","target":["https:\/\/www.aritco.com\/de\/produkte\/aussenaufzuege\/"]}]},{"@type":"BreadcrumbList","@id":"https:\/\/www.aritco.com\/de\/produkte\/aussenaufzuege\/#breadcrumb","itemListElement":[{"@type":"ListItem","position":1,"name":"Produkte","item":"https:\/\/www.aritco.com\/de\/produkte\/"},{"@type":"ListItem","position":2,"name":"Au\u00dfenaufz\u00fcge"}]},{"@type":"WebSite","@id":"https:\/\/www.aritco.com\/de\/#website","url":"https:\/\/www.aritco.com\/de\/","name":"Aritco","description":"Award-winning lifts for homes and public and commercial use","publisher":{"@id":"https:\/\/www.aritco.com\/de\/#organization"},"potentialAction":[{"@type":"SearchAction","target":{"@type":"EntryPoint","urlTemplate":"https:\/\/www.aritco.com\/de\/?s={search_term_string}"},"query-input":{"@type":"PropertyValueSpecification","valueRequired":true,"valueName":"search_term_string"}}],"inLanguage":"de"},{"@type":"Organization","@id":"https:\/\/www.aritco.com\/de\/#organization","name":"Aritco","url":"https:\/\/www.aritco.com\/de\/","logo":{"@type":"ImageObject","inLanguage":"de","@id":"https:\/\/www.aritco.com\/de\/#\/schema\/logo\/image\/","url":"https:\/\/www.aritco.com\/wp-content\/uploads\/2019\/05\/vertical-3.svg","contentUrl":"https:\/\/www.aritco.com\/wp-content\/uploads\/2019\/05\/vertical-3.svg","width":1,"height":1,"caption":"Aritco"},"image":{"@id":"https:\/\/www.aritco.com\/de\/#\/schema\/logo\/image\/"},"publishingPrinciples":"https:\/\/www.aritco.com\/about-aritco\/"}]}},"_links":{"self":[{"href":"https:\/\/www.aritco.com\/de\/wp-json\/wp\/v2\/pages\/52453","targetHints":{"allow":["GET"]}}],"collection":[{"href":"https:\/\/www.aritco.com\/de\/wp-json\/wp\/v2\/pages"}],"about":[{"href":"https:\/\/www.aritco.com\/de\/wp-json\/wp\/v2\/types\/page"}],"author":[{"embeddable":true,"href":"https:\/\/www.aritco.com\/de\/wp-json\/wp\/v2\/users\/10"}],"replies":[{"embeddable":true,"href":"https:\/\/www.aritco.com\/de\/wp-json\/wp\/v2\/comments?post=52453"}],"version-history":[{"count":2,"href":"https:\/\/www.aritco.com\/de\/wp-json\/wp\/v2\/pages\/52453\/revisions"}],"predecessor-version":[{"id":52457,"href":"https:\/\/www.aritco.com\/de\/wp-json\/wp\/v2\/pages\/52453\/revisions\/52457"}],"up":[{"embeddable":true,"href":"https:\/\/www.aritco.com\/de\/wp-json\/wp\/v2\/pages\/7069"}],"wp:attachment":[{"href":"https:\/\/www.aritco.com\/de\/wp-json\/wp\/v2\/media?parent=52453"}],"curies":[{"name":"wp","href":"https:\/\/api.w.org\/{rel}","templated":true}]}}