{"id":49110,"date":"2024-03-21T13:34:10","date_gmt":"2024-03-21T12:34:10","guid":{"rendered":"https:\/\/aritco.kumpan.dev\/?page_id=49110"},"modified":"2025-08-18T14:09:42","modified_gmt":"2025-08-18T12:09:42","slug":"ausstellungsraeume","status":"publish","type":"page","link":"https:\/\/www.aritco.com\/de\/ausstellungsraeume\/","title":{"rendered":"Ausstellungsr\u00e4ume"},"content":{"rendered":"","protected":false},"excerpt":{"rendered":"","protected":false},"author":12,"featured_media":0,"parent":0,"menu_order":0,"comment_status":"closed","ping_status":"closed","template":"","meta":{"_acf_changed":false,"footnotes":""},"class_list":["post-49110","page","type-page","status-publish","hentry"],"acf":[],"yoast_head":"<!-- This site is optimized with the Yoast SEO Premium plugin v26.6 (Yoast SEO v26.6) - https:\/\/yoast.com\/wordpress\/plugins\/seo\/ -->\n<title>Ausstellungsr\u00e4ume f\u00fcr Hausaufz\u00fcge - Erleben Sie Aritco Aufz\u00fcge im echten Leben - Aritco<\/title>\n<meta name=\"description\" content=\"Nutzen Sie unsere interaktive Karte, um einen Aritco-Ausstellungsraum in Ihrer N\u00e4he zu finden, wo Sie aus erster Hand erfahren k\u00f6nnen, wie unsere Lifte Ihre R\u00e4ume zug\u00e4nglicher machen k\u00f6nnen.\" \/>\n<meta name=\"robots\" content=\"index, follow, max-snippet:-1, max-image-preview:large, max-video-preview:-1\" \/>\n<link rel=\"canonical\" href=\"https:\/\/www.aritco.com\/de\/ausstellungsraeume\/\" \/>\n<meta property=\"og:locale\" content=\"de_DE\" \/>\n<meta property=\"og:type\" content=\"article\" \/>\n<meta property=\"og:title\" content=\"Ausstellungsr\u00e4ume\" \/>\n<meta property=\"og:description\" content=\"Hier ist eine Seite \u00fcber unsere Ausstellungsr\u00e4ume. Lesen Sie mehr dar\u00fcber, was Sie erwartet, wenn Sie eine dieser Einrichtungen besuchen, und nutzen Sie unsere Karte, um die n\u00e4chstgelegene zu finden.\" \/>\n<meta property=\"og:url\" content=\"https:\/\/www.aritco.com\/de\/ausstellungsraeume\/\" \/>\n<meta property=\"og:site_name\" content=\"Aritco\" \/>\n<meta property=\"article:modified_time\" content=\"2025-08-18T12:09:42+00:00\" \/>\n<meta property=\"og:image\" content=\"https:\/\/www.aritco.com\/\/wp-content\/webpc-passthru.php?src=https:\/\/www.aritco.com\/wp-content\/uploads\/2024\/01\/Aritco_HomeLift_Geometric_DW_1200x900.jpg&nocache=1\" \/>\n<meta name=\"twitter:card\" content=\"summary_large_image\" \/>\n<script type=\"application\/ld+json\" class=\"yoast-schema-graph\">{\"@context\":\"https:\/\/schema.org\",\"@graph\":[{\"@type\":\"WebPage\",\"@id\":\"https:\/\/www.aritco.com\/de\/ausstellungsraeume\/\",\"url\":\"https:\/\/www.aritco.com\/de\/ausstellungsraeume\/\",\"name\":\"Ausstellungsr\u00e4ume f\u00fcr Hausaufz\u00fcge - Erleben Sie Aritco Aufz\u00fcge im echten Leben - Aritco\",\"isPartOf\":{\"@id\":\"https:\/\/www.aritco.com\/de\/#website\"},\"datePublished\":\"2024-03-21T12:34:10+00:00\",\"dateModified\":\"2025-08-18T12:09:42+00:00\",\"description\":\"Nutzen Sie unsere interaktive Karte, um einen Aritco-Ausstellungsraum in Ihrer N\u00e4he zu finden, wo Sie aus erster Hand erfahren k\u00f6nnen, wie unsere Lifte Ihre R\u00e4ume zug\u00e4nglicher machen k\u00f6nnen.\",\"inLanguage\":\"de\",\"potentialAction\":[{\"@type\":\"ReadAction\",\"target\":[\"https:\/\/www.aritco.com\/de\/ausstellungsraeume\/\"]}]},{\"@type\":\"WebSite\",\"@id\":\"https:\/\/www.aritco.com\/de\/#website\",\"url\":\"https:\/\/www.aritco.com\/de\/\",\"name\":\"Aritco\",\"description\":\"Award-winning lifts for homes and public and commercial use\",\"publisher\":{\"@id\":\"https:\/\/www.aritco.com\/de\/#organization\"},\"potentialAction\":[{\"@type\":\"SearchAction\",\"target\":{\"@type\":\"EntryPoint\",\"urlTemplate\":\"https:\/\/www.aritco.com\/de\/?s={search_term_string}\"},\"query-input\":{\"@type\":\"PropertyValueSpecification\",\"valueRequired\":true,\"valueName\":\"search_term_string\"}}],\"inLanguage\":\"de\"},{\"@type\":\"Organization\",\"@id\":\"https:\/\/www.aritco.com\/de\/#organization\",\"name\":\"Aritco\",\"url\":\"https:\/\/www.aritco.com\/de\/\",\"logo\":{\"@type\":\"ImageObject\",\"inLanguage\":\"de\",\"@id\":\"https:\/\/www.aritco.com\/de\/#\/schema\/logo\/image\/\",\"url\":\"https:\/\/www.aritco.com\/wp-content\/uploads\/2019\/05\/vertical-3.svg\",\"contentUrl\":\"https:\/\/www.aritco.com\/wp-content\/uploads\/2019\/05\/vertical-3.svg\",\"width\":1,\"height\":1,\"caption\":\"Aritco\"},\"image\":{\"@id\":\"https:\/\/www.aritco.com\/de\/#\/schema\/logo\/image\/\"},\"publishingPrinciples\":\"https:\/\/www.aritco.com\/about-aritco\/\"}]}<\/script>\n<!-- \/ Yoast SEO Premium plugin. -->","yoast_head_json":{"title":"Ausstellungsr\u00e4ume f\u00fcr Hausaufz\u00fcge - Erleben Sie Aritco Aufz\u00fcge im echten Leben - Aritco","description":"Nutzen Sie unsere interaktive Karte, um einen Aritco-Ausstellungsraum in Ihrer N\u00e4he zu finden, wo Sie aus erster Hand erfahren k\u00f6nnen, wie unsere Lifte Ihre R\u00e4ume zug\u00e4nglicher machen k\u00f6nnen.","robots":{"index":"index","follow":"follow","max-snippet":"max-snippet:-1","max-image-preview":"max-image-preview:large","max-video-preview":"max-video-preview:-1"},"canonical":"https:\/\/www.aritco.com\/de\/ausstellungsraeume\/","og_locale":"de_DE","og_type":"article","og_title":"Ausstellungsr\u00e4ume","og_description":"Hier ist eine Seite \u00fcber unsere Ausstellungsr\u00e4ume. Lesen Sie mehr dar\u00fcber, was Sie erwartet, wenn Sie eine dieser Einrichtungen besuchen, und nutzen Sie unsere Karte, um die n\u00e4chstgelegene zu finden.","og_url":"https:\/\/www.aritco.com\/de\/ausstellungsraeume\/","og_site_name":"Aritco","article_modified_time":"2025-08-18T12:09:42+00:00","og_image":[{"url":"https:\/\/www.aritco.com\/\/wp-content\/webpc-passthru.php?src=https:\/\/www.aritco.com\/wp-content\/uploads\/2024\/01\/Aritco_HomeLift_Geometric_DW_1200x900.jpg&nocache=1","type":"","width":"","height":""}],"twitter_card":"summary_large_image","schema":{"@context":"https:\/\/schema.org","@graph":[{"@type":"WebPage","@id":"https:\/\/www.aritco.com\/de\/ausstellungsraeume\/","url":"https:\/\/www.aritco.com\/de\/ausstellungsraeume\/","name":"Ausstellungsr\u00e4ume f\u00fcr Hausaufz\u00fcge - Erleben Sie Aritco Aufz\u00fcge im echten Leben - Aritco","isPartOf":{"@id":"https:\/\/www.aritco.com\/de\/#website"},"datePublished":"2024-03-21T12:34:10+00:00","dateModified":"2025-08-18T12:09:42+00:00","description":"Nutzen Sie unsere interaktive Karte, um einen Aritco-Ausstellungsraum in Ihrer N\u00e4he zu finden, wo Sie aus erster Hand erfahren k\u00f6nnen, wie unsere Lifte Ihre R\u00e4ume zug\u00e4nglicher machen k\u00f6nnen.","inLanguage":"de","potentialAction":[{"@type":"ReadAction","target":["https:\/\/www.aritco.com\/de\/ausstellungsraeume\/"]}]},{"@type":"WebSite","@id":"https:\/\/www.aritco.com\/de\/#website","url":"https:\/\/www.aritco.com\/de\/","name":"Aritco","description":"Award-winning lifts for homes and public and commercial use","publisher":{"@id":"https:\/\/www.aritco.com\/de\/#organization"},"potentialAction":[{"@type":"SearchAction","target":{"@type":"EntryPoint","urlTemplate":"https:\/\/www.aritco.com\/de\/?s={search_term_string}"},"query-input":{"@type":"PropertyValueSpecification","valueRequired":true,"valueName":"search_term_string"}}],"inLanguage":"de"},{"@type":"Organization","@id":"https:\/\/www.aritco.com\/de\/#organization","name":"Aritco","url":"https:\/\/www.aritco.com\/de\/","logo":{"@type":"ImageObject","inLanguage":"de","@id":"https:\/\/www.aritco.com\/de\/#\/schema\/logo\/image\/","url":"https:\/\/www.aritco.com\/wp-content\/uploads\/2019\/05\/vertical-3.svg","contentUrl":"https:\/\/www.aritco.com\/wp-content\/uploads\/2019\/05\/vertical-3.svg","width":1,"height":1,"caption":"Aritco"},"image":{"@id":"https:\/\/www.aritco.com\/de\/#\/schema\/logo\/image\/"},"publishingPrinciples":"https:\/\/www.aritco.com\/about-aritco\/"}]}},"_links":{"self":[{"href":"https:\/\/www.aritco.com\/de\/wp-json\/wp\/v2\/pages\/49110","targetHints":{"allow":["GET"]}}],"collection":[{"href":"https:\/\/www.aritco.com\/de\/wp-json\/wp\/v2\/pages"}],"about":[{"href":"https:\/\/www.aritco.com\/de\/wp-json\/wp\/v2\/types\/page"}],"author":[{"embeddable":true,"href":"https:\/\/www.aritco.com\/de\/wp-json\/wp\/v2\/users\/12"}],"replies":[{"embeddable":true,"href":"https:\/\/www.aritco.com\/de\/wp-json\/wp\/v2\/comments?post=49110"}],"version-history":[{"count":3,"href":"https:\/\/www.aritco.com\/de\/wp-json\/wp\/v2\/pages\/49110\/revisions"}],"predecessor-version":[{"id":61721,"href":"https:\/\/www.aritco.com\/de\/wp-json\/wp\/v2\/pages\/49110\/revisions\/61721"}],"wp:attachment":[{"href":"https:\/\/www.aritco.com\/de\/wp-json\/wp\/v2\/media?parent=49110"}],"curies":[{"name":"wp","href":"https:\/\/api.w.org\/{rel}","templated":true}]}}