{"id":48329,"date":"2024-02-20T10:11:18","date_gmt":"2024-02-20T09:11:18","guid":{"rendered":"https:\/\/aritco.kumpan.dev\/gestaltung-und-optionen\/"},"modified":"2025-08-18T13:46:30","modified_gmt":"2025-08-18T11:46:30","slug":"gestaltung-und-optionen","status":"publish","type":"page","link":"https:\/\/www.aritco.com\/de\/produkte\/homelift\/gestaltung-und-optionen\/","title":{"rendered":"Gestaltung und Optionen"},"content":{"rendered":"","protected":false},"excerpt":{"rendered":"","protected":false},"author":10,"featured_media":46568,"parent":7099,"menu_order":0,"comment_status":"closed","ping_status":"closed","template":"","meta":{"_acf_changed":false,"footnotes":""},"class_list":["post-48329","page","type-page","status-publish","has-post-thumbnail","hentry"],"acf":[],"yoast_head":"<!-- This site is optimized with the Yoast SEO Premium plugin v26.6 (Yoast SEO v26.6) - https:\/\/yoast.com\/wordpress\/plugins\/seo\/ -->\n<title>Entwerfen Sie Ihren eigenen Hauslift - Anpassungsoptionen f\u00fcr Aritco-Lifte<\/title>\n<meta name=\"description\" content=\"Die Vielfalt der Gestaltungsm\u00f6glichkeiten gibt Ihnen die M\u00f6glichkeit, den Lift entweder in Ihrer Wohnung hervorzuheben oder ihn in Ihren Stil und Ihre Einrichtung einzupassen.\" \/>\n<meta name=\"robots\" content=\"index, follow, max-snippet:-1, max-image-preview:large, max-video-preview:-1\" \/>\n<link rel=\"canonical\" href=\"https:\/\/www.aritco.com\/de\/produkte\/homelift\/gestaltung-und-optionen\/\" \/>\n<meta property=\"og:locale\" content=\"de_DE\" \/>\n<meta property=\"og:type\" content=\"article\" \/>\n<meta property=\"og:title\" content=\"Entwerfen Sie Ihren eigenen Hauslift - Anpassungsoptionen f\u00fcr Aritco-Lifte\" \/>\n<meta property=\"og:description\" content=\"Die Vielfalt der Gestaltungsm\u00f6glichkeiten gibt Ihnen die M\u00f6glichkeit, den Lift entweder in Ihrer Wohnung hervorzuheben oder ihn in Ihren Stil und Ihre Einrichtung einzupassen.\" \/>\n<meta property=\"og:url\" content=\"https:\/\/www.aritco.com\/de\/produkte\/homelift\/gestaltung-und-optionen\/\" \/>\n<meta property=\"og:site_name\" content=\"Aritco\" \/>\n<meta property=\"article:modified_time\" content=\"2025-08-18T11:46:30+00:00\" \/>\n<meta property=\"og:image\" content=\"https:\/\/www.aritco.com\/wp-content\/uploads\/2024\/09\/AHL-DW-Concept-16_9-1.jpg\" \/>\n\t<meta property=\"og:image:width\" content=\"1400\" \/>\n\t<meta property=\"og:image:height\" content=\"788\" \/>\n\t<meta property=\"og:image:type\" content=\"image\/jpeg\" \/>\n<meta name=\"twitter:card\" content=\"summary_large_image\" \/>\n<meta name=\"twitter:title\" content=\"Entwerfen Sie Ihren eigenen Hauslift - Anpassungsoptionen f\u00fcr Aritco-Lifte\" \/>\n<meta name=\"twitter:label1\" content=\"Gesch\u00e4tzte Lesezeit\" \/>\n\t<meta name=\"twitter:data1\" content=\"1\u00a0Minute\" \/>\n<script type=\"application\/ld+json\" class=\"yoast-schema-graph\">{\"@context\":\"https:\/\/schema.org\",\"@graph\":[{\"@type\":\"WebPage\",\"@id\":\"https:\/\/www.aritco.com\/de\/produkte\/homelift\/gestaltung-und-optionen\/\",\"url\":\"https:\/\/www.aritco.com\/de\/produkte\/homelift\/gestaltung-und-optionen\/\",\"name\":\"Entwerfen Sie Ihren eigenen Hauslift - Anpassungsoptionen f\u00fcr Aritco-Lifte\",\"isPartOf\":{\"@id\":\"https:\/\/www.aritco.com\/de\/#website\"},\"primaryImageOfPage\":{\"@id\":\"https:\/\/www.aritco.com\/de\/produkte\/homelift\/gestaltung-und-optionen\/#primaryimage\"},\"image\":{\"@id\":\"https:\/\/www.aritco.com\/de\/produkte\/homelift\/gestaltung-und-optionen\/#primaryimage\"},\"thumbnailUrl\":\"https:\/\/www.aritco.com\/wp-content\/uploads\/2024\/01\/Flooring_Collage_800x600.jpg\",\"datePublished\":\"2024-02-20T09:11:18+00:00\",\"dateModified\":\"2025-08-18T11:46:30+00:00\",\"description\":\"Die Vielfalt der Gestaltungsm\u00f6glichkeiten gibt Ihnen die M\u00f6glichkeit, den Lift entweder in Ihrer Wohnung hervorzuheben oder ihn in Ihren Stil und Ihre Einrichtung einzupassen.\",\"breadcrumb\":{\"@id\":\"https:\/\/www.aritco.com\/de\/produkte\/homelift\/gestaltung-und-optionen\/#breadcrumb\"},\"inLanguage\":\"de\",\"potentialAction\":[{\"@type\":\"ReadAction\",\"target\":[\"https:\/\/www.aritco.com\/de\/produkte\/homelift\/gestaltung-und-optionen\/\"]}]},{\"@type\":\"ImageObject\",\"inLanguage\":\"de\",\"@id\":\"https:\/\/www.aritco.com\/de\/produkte\/homelift\/gestaltung-und-optionen\/#primaryimage\",\"url\":\"https:\/\/www.aritco.com\/wp-content\/uploads\/2024\/01\/Flooring_Collage_800x600.jpg\",\"contentUrl\":\"https:\/\/www.aritco.com\/wp-content\/uploads\/2024\/01\/Flooring_Collage_800x600.jpg\",\"width\":800,\"height\":600,\"caption\":\"Flooring for Aritco home lifts.\"},{\"@type\":\"BreadcrumbList\",\"@id\":\"https:\/\/www.aritco.com\/de\/produkte\/homelift\/gestaltung-und-optionen\/#breadcrumb\",\"itemListElement\":[{\"@type\":\"ListItem\",\"position\":1,\"name\":\"Produkte\",\"item\":\"https:\/\/www.aritco.com\/de\/produkte\/\"},{\"@type\":\"ListItem\",\"position\":2,\"name\":\"Homelift\",\"item\":\"https:\/\/www.aritco.com\/de\/produkte\/homelift\/\"},{\"@type\":\"ListItem\",\"position\":3,\"name\":\"Gestaltung und Optionen\"}]},{\"@type\":\"WebSite\",\"@id\":\"https:\/\/www.aritco.com\/de\/#website\",\"url\":\"https:\/\/www.aritco.com\/de\/\",\"name\":\"Aritco\",\"description\":\"Award-winning lifts for homes and public and commercial use\",\"publisher\":{\"@id\":\"https:\/\/www.aritco.com\/de\/#organization\"},\"potentialAction\":[{\"@type\":\"SearchAction\",\"target\":{\"@type\":\"EntryPoint\",\"urlTemplate\":\"https:\/\/www.aritco.com\/de\/?s={search_term_string}\"},\"query-input\":{\"@type\":\"PropertyValueSpecification\",\"valueRequired\":true,\"valueName\":\"search_term_string\"}}],\"inLanguage\":\"de\"},{\"@type\":\"Organization\",\"@id\":\"https:\/\/www.aritco.com\/de\/#organization\",\"name\":\"Aritco\",\"url\":\"https:\/\/www.aritco.com\/de\/\",\"logo\":{\"@type\":\"ImageObject\",\"inLanguage\":\"de\",\"@id\":\"https:\/\/www.aritco.com\/de\/#\/schema\/logo\/image\/\",\"url\":\"https:\/\/www.aritco.com\/wp-content\/uploads\/2019\/05\/vertical-3.svg\",\"contentUrl\":\"https:\/\/www.aritco.com\/wp-content\/uploads\/2019\/05\/vertical-3.svg\",\"width\":1,\"height\":1,\"caption\":\"Aritco\"},\"image\":{\"@id\":\"https:\/\/www.aritco.com\/de\/#\/schema\/logo\/image\/\"},\"publishingPrinciples\":\"https:\/\/www.aritco.com\/about-aritco\/\"}]}<\/script>\n<!-- \/ Yoast SEO Premium plugin. -->","yoast_head_json":{"title":"Entwerfen Sie Ihren eigenen Hauslift - Anpassungsoptionen f\u00fcr Aritco-Lifte","description":"Die Vielfalt der Gestaltungsm\u00f6glichkeiten gibt Ihnen die M\u00f6glichkeit, den Lift entweder in Ihrer Wohnung hervorzuheben oder ihn in Ihren Stil und Ihre Einrichtung einzupassen.","robots":{"index":"index","follow":"follow","max-snippet":"max-snippet:-1","max-image-preview":"max-image-preview:large","max-video-preview":"max-video-preview:-1"},"canonical":"https:\/\/www.aritco.com\/de\/produkte\/homelift\/gestaltung-und-optionen\/","og_locale":"de_DE","og_type":"article","og_title":"Entwerfen Sie Ihren eigenen Hauslift - Anpassungsoptionen f\u00fcr Aritco-Lifte","og_description":"Die Vielfalt der Gestaltungsm\u00f6glichkeiten gibt Ihnen die M\u00f6glichkeit, den Lift entweder in Ihrer Wohnung hervorzuheben oder ihn in Ihren Stil und Ihre Einrichtung einzupassen.","og_url":"https:\/\/www.aritco.com\/de\/produkte\/homelift\/gestaltung-und-optionen\/","og_site_name":"Aritco","article_modified_time":"2025-08-18T11:46:30+00:00","og_image":[{"width":1400,"height":788,"url":"https:\/\/www.aritco.com\/wp-content\/uploads\/2024\/09\/AHL-DW-Concept-16_9-1.jpg","type":"image\/jpeg"}],"twitter_card":"summary_large_image","twitter_title":"Entwerfen Sie Ihren eigenen Hauslift - Anpassungsoptionen f\u00fcr Aritco-Lifte","twitter_misc":{"Gesch\u00e4tzte Lesezeit":"1\u00a0Minute"},"schema":{"@context":"https:\/\/schema.org","@graph":[{"@type":"WebPage","@id":"https:\/\/www.aritco.com\/de\/produkte\/homelift\/gestaltung-und-optionen\/","url":"https:\/\/www.aritco.com\/de\/produkte\/homelift\/gestaltung-und-optionen\/","name":"Entwerfen Sie Ihren eigenen Hauslift - Anpassungsoptionen f\u00fcr Aritco-Lifte","isPartOf":{"@id":"https:\/\/www.aritco.com\/de\/#website"},"primaryImageOfPage":{"@id":"https:\/\/www.aritco.com\/de\/produkte\/homelift\/gestaltung-und-optionen\/#primaryimage"},"image":{"@id":"https:\/\/www.aritco.com\/de\/produkte\/homelift\/gestaltung-und-optionen\/#primaryimage"},"thumbnailUrl":"https:\/\/www.aritco.com\/wp-content\/uploads\/2024\/01\/Flooring_Collage_800x600.jpg","datePublished":"2024-02-20T09:11:18+00:00","dateModified":"2025-08-18T11:46:30+00:00","description":"Die Vielfalt der Gestaltungsm\u00f6glichkeiten gibt Ihnen die M\u00f6glichkeit, den Lift entweder in Ihrer Wohnung hervorzuheben oder ihn in Ihren Stil und Ihre Einrichtung einzupassen.","breadcrumb":{"@id":"https:\/\/www.aritco.com\/de\/produkte\/homelift\/gestaltung-und-optionen\/#breadcrumb"},"inLanguage":"de","potentialAction":[{"@type":"ReadAction","target":["https:\/\/www.aritco.com\/de\/produkte\/homelift\/gestaltung-und-optionen\/"]}]},{"@type":"ImageObject","inLanguage":"de","@id":"https:\/\/www.aritco.com\/de\/produkte\/homelift\/gestaltung-und-optionen\/#primaryimage","url":"https:\/\/www.aritco.com\/wp-content\/uploads\/2024\/01\/Flooring_Collage_800x600.jpg","contentUrl":"https:\/\/www.aritco.com\/wp-content\/uploads\/2024\/01\/Flooring_Collage_800x600.jpg","width":800,"height":600,"caption":"Flooring for Aritco home lifts."},{"@type":"BreadcrumbList","@id":"https:\/\/www.aritco.com\/de\/produkte\/homelift\/gestaltung-und-optionen\/#breadcrumb","itemListElement":[{"@type":"ListItem","position":1,"name":"Produkte","item":"https:\/\/www.aritco.com\/de\/produkte\/"},{"@type":"ListItem","position":2,"name":"Homelift","item":"https:\/\/www.aritco.com\/de\/produkte\/homelift\/"},{"@type":"ListItem","position":3,"name":"Gestaltung und Optionen"}]},{"@type":"WebSite","@id":"https:\/\/www.aritco.com\/de\/#website","url":"https:\/\/www.aritco.com\/de\/","name":"Aritco","description":"Award-winning lifts for homes and public and commercial use","publisher":{"@id":"https:\/\/www.aritco.com\/de\/#organization"},"potentialAction":[{"@type":"SearchAction","target":{"@type":"EntryPoint","urlTemplate":"https:\/\/www.aritco.com\/de\/?s={search_term_string}"},"query-input":{"@type":"PropertyValueSpecification","valueRequired":true,"valueName":"search_term_string"}}],"inLanguage":"de"},{"@type":"Organization","@id":"https:\/\/www.aritco.com\/de\/#organization","name":"Aritco","url":"https:\/\/www.aritco.com\/de\/","logo":{"@type":"ImageObject","inLanguage":"de","@id":"https:\/\/www.aritco.com\/de\/#\/schema\/logo\/image\/","url":"https:\/\/www.aritco.com\/wp-content\/uploads\/2019\/05\/vertical-3.svg","contentUrl":"https:\/\/www.aritco.com\/wp-content\/uploads\/2019\/05\/vertical-3.svg","width":1,"height":1,"caption":"Aritco"},"image":{"@id":"https:\/\/www.aritco.com\/de\/#\/schema\/logo\/image\/"},"publishingPrinciples":"https:\/\/www.aritco.com\/about-aritco\/"}]}},"_links":{"self":[{"href":"https:\/\/www.aritco.com\/de\/wp-json\/wp\/v2\/pages\/48329","targetHints":{"allow":["GET"]}}],"collection":[{"href":"https:\/\/www.aritco.com\/de\/wp-json\/wp\/v2\/pages"}],"about":[{"href":"https:\/\/www.aritco.com\/de\/wp-json\/wp\/v2\/types\/page"}],"author":[{"embeddable":true,"href":"https:\/\/www.aritco.com\/de\/wp-json\/wp\/v2\/users\/10"}],"replies":[{"embeddable":true,"href":"https:\/\/www.aritco.com\/de\/wp-json\/wp\/v2\/comments?post=48329"}],"version-history":[{"count":7,"href":"https:\/\/www.aritco.com\/de\/wp-json\/wp\/v2\/pages\/48329\/revisions"}],"predecessor-version":[{"id":61712,"href":"https:\/\/www.aritco.com\/de\/wp-json\/wp\/v2\/pages\/48329\/revisions\/61712"}],"up":[{"embeddable":true,"href":"https:\/\/www.aritco.com\/de\/wp-json\/wp\/v2\/pages\/7099"}],"wp:featuredmedia":[{"embeddable":true,"href":"https:\/\/www.aritco.com\/de\/wp-json\/wp\/v2\/media\/46568"}],"wp:attachment":[{"href":"https:\/\/www.aritco.com\/de\/wp-json\/wp\/v2\/media?parent=48329"}],"curies":[{"name":"wp","href":"https:\/\/api.w.org\/{rel}","templated":true}]}}