{"id":26473,"date":"2021-08-07T15:46:21","date_gmt":"2021-08-07T13:46:21","guid":{"rendered":"https:\/\/aritco.kumpan.dev\/ongoingupcoming\/design-london-2022\/"},"modified":"2022-09-19T10:18:12","modified_gmt":"2022-09-19T08:18:12","slug":"design-london-2022","status":"publish","type":"page","link":"https:\/\/www.aritco.com\/de\/messen-und-veranstaltungen\/design-london-2022\/","title":{"rendered":"Design London 2022"},"content":{"rendered":"","protected":false},"excerpt":{"rendered":"","protected":false},"author":10,"featured_media":16107,"parent":6960,"menu_order":0,"comment_status":"closed","ping_status":"closed","template":"","meta":{"_acf_changed":false,"footnotes":""},"class_list":["post-26473","page","type-page","status-publish","has-post-thumbnail","hentry"],"acf":[],"yoast_head":"<!-- This site is optimized with the Yoast SEO Premium plugin v26.6 (Yoast SEO v26.6) - https:\/\/yoast.com\/wordpress\/plugins\/seo\/ -->\n<title>Design London 2022 - Entdecken Sie unsere Premium-Aufz\u00fcge - Aritco<\/title>\n<meta name=\"description\" content=\"Erleben Sie die Premium-Aufz\u00fcge von Aritco f\u00fcr Privath\u00e4user und \u00f6ffentliche R\u00e4ume auf der Design London 2021. Innovative L\u00f6sungen und skandinavisches Design.\" \/>\n<meta name=\"robots\" content=\"index, follow, max-snippet:-1, max-image-preview:large, max-video-preview:-1\" \/>\n<link rel=\"canonical\" href=\"https:\/\/www.aritco.com\/de\/messen-und-veranstaltungen\/design-london-2022\/\" \/>\n<meta property=\"og:locale\" content=\"de_DE\" \/>\n<meta property=\"og:type\" content=\"article\" \/>\n<meta property=\"og:title\" content=\"Design London 2022\" \/>\n<meta property=\"og:description\" content=\"Erleben Sie die Premium-Aufz\u00fcge von Aritco f\u00fcr Privath\u00e4user und \u00f6ffentliche R\u00e4ume auf der Design London 2021. Innovative L\u00f6sungen und skandinavisches Design.\" \/>\n<meta property=\"og:url\" content=\"https:\/\/www.aritco.com\/de\/messen-und-veranstaltungen\/design-london-2022\/\" \/>\n<meta property=\"og:site_name\" content=\"Aritco\" \/>\n<meta property=\"article:modified_time\" content=\"2022-09-19T08:18:12+00:00\" \/>\n<meta property=\"og:image\" content=\"https:\/\/www.aritco.com\/wp-content\/uploads\/2021\/08\/Magazine_3.png\" \/>\n\t<meta property=\"og:image:width\" content=\"1000\" \/>\n\t<meta property=\"og:image:height\" content=\"667\" \/>\n\t<meta property=\"og:image:type\" content=\"image\/png\" \/>\n<meta name=\"twitter:card\" content=\"summary_large_image\" \/>\n<script type=\"application\/ld+json\" class=\"yoast-schema-graph\">{\"@context\":\"https:\/\/schema.org\",\"@graph\":[{\"@type\":\"WebPage\",\"@id\":\"https:\/\/www.aritco.com\/de\/messen-und-veranstaltungen\/design-london-2022\/\",\"url\":\"https:\/\/www.aritco.com\/de\/messen-und-veranstaltungen\/design-london-2022\/\",\"name\":\"Design London 2022 - Entdecken Sie unsere Premium-Aufz\u00fcge - Aritco\",\"isPartOf\":{\"@id\":\"https:\/\/www.aritco.com\/de\/#website\"},\"primaryImageOfPage\":{\"@id\":\"https:\/\/www.aritco.com\/de\/messen-und-veranstaltungen\/design-london-2022\/#primaryimage\"},\"image\":{\"@id\":\"https:\/\/www.aritco.com\/de\/messen-und-veranstaltungen\/design-london-2022\/#primaryimage\"},\"thumbnailUrl\":\"https:\/\/www.aritco.com\/wp-content\/uploads\/2021\/08\/Magazine_3.png\",\"datePublished\":\"2021-08-07T13:46:21+00:00\",\"dateModified\":\"2022-09-19T08:18:12+00:00\",\"description\":\"Erleben Sie die Premium-Aufz\u00fcge von Aritco f\u00fcr Privath\u00e4user und \u00f6ffentliche R\u00e4ume auf der Design London 2021. Innovative L\u00f6sungen und skandinavisches Design.\",\"breadcrumb\":{\"@id\":\"https:\/\/www.aritco.com\/de\/messen-und-veranstaltungen\/design-london-2022\/#breadcrumb\"},\"inLanguage\":\"de\",\"potentialAction\":[{\"@type\":\"ReadAction\",\"target\":[\"https:\/\/www.aritco.com\/de\/messen-und-veranstaltungen\/design-london-2022\/\"]}]},{\"@type\":\"ImageObject\",\"inLanguage\":\"de\",\"@id\":\"https:\/\/www.aritco.com\/de\/messen-und-veranstaltungen\/design-london-2022\/#primaryimage\",\"url\":\"https:\/\/www.aritco.com\/wp-content\/uploads\/2021\/08\/Magazine_3.png\",\"contentUrl\":\"https:\/\/www.aritco.com\/wp-content\/uploads\/2021\/08\/Magazine_3.png\",\"width\":1000,\"height\":667,\"caption\":\"Interior of the exhibition center The Magazine, London\"},{\"@type\":\"BreadcrumbList\",\"@id\":\"https:\/\/www.aritco.com\/de\/messen-und-veranstaltungen\/design-london-2022\/#breadcrumb\",\"itemListElement\":[{\"@type\":\"ListItem\",\"position\":1,\"name\":\"Messen und Veranstaltungen\",\"item\":\"https:\/\/www.aritco.com\/de\/messen-und-veranstaltungen\/\"},{\"@type\":\"ListItem\",\"position\":2,\"name\":\"Design London 2022\"}]},{\"@type\":\"WebSite\",\"@id\":\"https:\/\/www.aritco.com\/de\/#website\",\"url\":\"https:\/\/www.aritco.com\/de\/\",\"name\":\"Aritco\",\"description\":\"Award-winning lifts for homes and public and commercial use\",\"publisher\":{\"@id\":\"https:\/\/www.aritco.com\/de\/#organization\"},\"potentialAction\":[{\"@type\":\"SearchAction\",\"target\":{\"@type\":\"EntryPoint\",\"urlTemplate\":\"https:\/\/www.aritco.com\/de\/?s={search_term_string}\"},\"query-input\":{\"@type\":\"PropertyValueSpecification\",\"valueRequired\":true,\"valueName\":\"search_term_string\"}}],\"inLanguage\":\"de\"},{\"@type\":\"Organization\",\"@id\":\"https:\/\/www.aritco.com\/de\/#organization\",\"name\":\"Aritco\",\"url\":\"https:\/\/www.aritco.com\/de\/\",\"logo\":{\"@type\":\"ImageObject\",\"inLanguage\":\"de\",\"@id\":\"https:\/\/www.aritco.com\/de\/#\/schema\/logo\/image\/\",\"url\":\"https:\/\/www.aritco.com\/wp-content\/uploads\/2019\/05\/vertical-3.svg\",\"contentUrl\":\"https:\/\/www.aritco.com\/wp-content\/uploads\/2019\/05\/vertical-3.svg\",\"width\":1,\"height\":1,\"caption\":\"Aritco\"},\"image\":{\"@id\":\"https:\/\/www.aritco.com\/de\/#\/schema\/logo\/image\/\"},\"publishingPrinciples\":\"https:\/\/www.aritco.com\/about-aritco\/\"}]}<\/script>\n<!-- \/ Yoast SEO Premium plugin. -->","yoast_head_json":{"title":"Design London 2022 - Entdecken Sie unsere Premium-Aufz\u00fcge - Aritco","description":"Erleben Sie die Premium-Aufz\u00fcge von Aritco f\u00fcr Privath\u00e4user und \u00f6ffentliche R\u00e4ume auf der Design London 2021. Innovative L\u00f6sungen und skandinavisches Design.","robots":{"index":"index","follow":"follow","max-snippet":"max-snippet:-1","max-image-preview":"max-image-preview:large","max-video-preview":"max-video-preview:-1"},"canonical":"https:\/\/www.aritco.com\/de\/messen-und-veranstaltungen\/design-london-2022\/","og_locale":"de_DE","og_type":"article","og_title":"Design London 2022","og_description":"Erleben Sie die Premium-Aufz\u00fcge von Aritco f\u00fcr Privath\u00e4user und \u00f6ffentliche R\u00e4ume auf der Design London 2021. Innovative L\u00f6sungen und skandinavisches Design.","og_url":"https:\/\/www.aritco.com\/de\/messen-und-veranstaltungen\/design-london-2022\/","og_site_name":"Aritco","article_modified_time":"2022-09-19T08:18:12+00:00","og_image":[{"width":1000,"height":667,"url":"https:\/\/www.aritco.com\/wp-content\/uploads\/2021\/08\/Magazine_3.png","type":"image\/png"}],"twitter_card":"summary_large_image","schema":{"@context":"https:\/\/schema.org","@graph":[{"@type":"WebPage","@id":"https:\/\/www.aritco.com\/de\/messen-und-veranstaltungen\/design-london-2022\/","url":"https:\/\/www.aritco.com\/de\/messen-und-veranstaltungen\/design-london-2022\/","name":"Design London 2022 - Entdecken Sie unsere Premium-Aufz\u00fcge - Aritco","isPartOf":{"@id":"https:\/\/www.aritco.com\/de\/#website"},"primaryImageOfPage":{"@id":"https:\/\/www.aritco.com\/de\/messen-und-veranstaltungen\/design-london-2022\/#primaryimage"},"image":{"@id":"https:\/\/www.aritco.com\/de\/messen-und-veranstaltungen\/design-london-2022\/#primaryimage"},"thumbnailUrl":"https:\/\/www.aritco.com\/wp-content\/uploads\/2021\/08\/Magazine_3.png","datePublished":"2021-08-07T13:46:21+00:00","dateModified":"2022-09-19T08:18:12+00:00","description":"Erleben Sie die Premium-Aufz\u00fcge von Aritco f\u00fcr Privath\u00e4user und \u00f6ffentliche R\u00e4ume auf der Design London 2021. Innovative L\u00f6sungen und skandinavisches Design.","breadcrumb":{"@id":"https:\/\/www.aritco.com\/de\/messen-und-veranstaltungen\/design-london-2022\/#breadcrumb"},"inLanguage":"de","potentialAction":[{"@type":"ReadAction","target":["https:\/\/www.aritco.com\/de\/messen-und-veranstaltungen\/design-london-2022\/"]}]},{"@type":"ImageObject","inLanguage":"de","@id":"https:\/\/www.aritco.com\/de\/messen-und-veranstaltungen\/design-london-2022\/#primaryimage","url":"https:\/\/www.aritco.com\/wp-content\/uploads\/2021\/08\/Magazine_3.png","contentUrl":"https:\/\/www.aritco.com\/wp-content\/uploads\/2021\/08\/Magazine_3.png","width":1000,"height":667,"caption":"Interior of the exhibition center The Magazine, London"},{"@type":"BreadcrumbList","@id":"https:\/\/www.aritco.com\/de\/messen-und-veranstaltungen\/design-london-2022\/#breadcrumb","itemListElement":[{"@type":"ListItem","position":1,"name":"Messen und Veranstaltungen","item":"https:\/\/www.aritco.com\/de\/messen-und-veranstaltungen\/"},{"@type":"ListItem","position":2,"name":"Design London 2022"}]},{"@type":"WebSite","@id":"https:\/\/www.aritco.com\/de\/#website","url":"https:\/\/www.aritco.com\/de\/","name":"Aritco","description":"Award-winning lifts for homes and public and commercial use","publisher":{"@id":"https:\/\/www.aritco.com\/de\/#organization"},"potentialAction":[{"@type":"SearchAction","target":{"@type":"EntryPoint","urlTemplate":"https:\/\/www.aritco.com\/de\/?s={search_term_string}"},"query-input":{"@type":"PropertyValueSpecification","valueRequired":true,"valueName":"search_term_string"}}],"inLanguage":"de"},{"@type":"Organization","@id":"https:\/\/www.aritco.com\/de\/#organization","name":"Aritco","url":"https:\/\/www.aritco.com\/de\/","logo":{"@type":"ImageObject","inLanguage":"de","@id":"https:\/\/www.aritco.com\/de\/#\/schema\/logo\/image\/","url":"https:\/\/www.aritco.com\/wp-content\/uploads\/2019\/05\/vertical-3.svg","contentUrl":"https:\/\/www.aritco.com\/wp-content\/uploads\/2019\/05\/vertical-3.svg","width":1,"height":1,"caption":"Aritco"},"image":{"@id":"https:\/\/www.aritco.com\/de\/#\/schema\/logo\/image\/"},"publishingPrinciples":"https:\/\/www.aritco.com\/about-aritco\/"}]}},"_links":{"self":[{"href":"https:\/\/www.aritco.com\/de\/wp-json\/wp\/v2\/pages\/26473","targetHints":{"allow":["GET"]}}],"collection":[{"href":"https:\/\/www.aritco.com\/de\/wp-json\/wp\/v2\/pages"}],"about":[{"href":"https:\/\/www.aritco.com\/de\/wp-json\/wp\/v2\/types\/page"}],"author":[{"embeddable":true,"href":"https:\/\/www.aritco.com\/de\/wp-json\/wp\/v2\/users\/10"}],"replies":[{"embeddable":true,"href":"https:\/\/www.aritco.com\/de\/wp-json\/wp\/v2\/comments?post=26473"}],"version-history":[{"count":0,"href":"https:\/\/www.aritco.com\/de\/wp-json\/wp\/v2\/pages\/26473\/revisions"}],"up":[{"embeddable":true,"href":"https:\/\/www.aritco.com\/de\/wp-json\/wp\/v2\/pages\/6960"}],"wp:featuredmedia":[{"embeddable":true,"href":"https:\/\/www.aritco.com\/de\/wp-json\/wp\/v2\/media\/16107"}],"wp:attachment":[{"href":"https:\/\/www.aritco.com\/de\/wp-json\/wp\/v2\/media?parent=26473"}],"curies":[{"name":"wp","href":"https:\/\/api.w.org\/{rel}","templated":true}]}}