{"id":11833,"date":"2020-09-07T14:30:33","date_gmt":"2020-09-07T12:30:33","guid":{"rendered":"https:\/\/aritco.kumpan.dev\/produkte\/liftguide\/"},"modified":"2025-10-13T15:29:40","modified_gmt":"2025-10-13T13:29:40","slug":"liftguide","status":"publish","type":"page","link":"https:\/\/www.aritco.com\/de\/produkte\/liftguide\/","title":{"rendered":"Liftguide"},"content":{"rendered":"","protected":false},"excerpt":{"rendered":"","protected":false},"author":12,"featured_media":58906,"parent":7069,"menu_order":0,"comment_status":"closed","ping_status":"closed","template":"","meta":{"_acf_changed":false,"footnotes":""},"class_list":["post-11833","page","type-page","status-publish","has-post-thumbnail","hentry"],"acf":[],"yoast_head":"<!-- This site is optimized with the Yoast SEO Premium plugin v26.6 (Yoast SEO v26.6) - https:\/\/yoast.com\/wordpress\/plugins\/seo\/ -->\n<title>Gestalten Sie hier Ihren Privataufzug - LiftGuide - Aritco<\/title>\n<meta name=\"description\" content=\"In unserem LiftGuide k\u00f6nnen Sie Ihren eigenen Privataufzug entwerfen. Sie k\u00f6nnen verschiedene Gr\u00f6\u00dfen, Farben, Gl\u00e4ser, B\u00f6den, usw ausprobieren.\" \/>\n<meta name=\"robots\" content=\"index, follow, max-snippet:-1, max-image-preview:large, max-video-preview:-1\" \/>\n<link rel=\"canonical\" href=\"https:\/\/www.aritco.com\/de\/produkte\/liftguide\/\" \/>\n<meta property=\"og:locale\" content=\"de_DE\" \/>\n<meta property=\"og:type\" content=\"article\" \/>\n<meta property=\"og:title\" content=\"Liftguide\" \/>\n<meta property=\"og:description\" content=\"In unserem LiftGuide k\u00f6nnen Sie Ihren eigenen Privataufzug entwerfen. Sie k\u00f6nnen verschiedene Gr\u00f6\u00dfen, Farben, Gl\u00e4ser, B\u00f6den, Beleuchtungen usw. ausprobieren, um Ihre individuelle L\u00f6sung zusammenzustellen. Sie k\u00f6nnen auch ein Angebot f\u00fcr das Design anfordern, das Sie ausgew\u00e4hlt haben.\" \/>\n<meta property=\"og:url\" content=\"https:\/\/www.aritco.com\/de\/produkte\/liftguide\/\" \/>\n<meta property=\"og:site_name\" content=\"Aritco\" \/>\n<meta property=\"article:modified_time\" content=\"2025-10-13T13:29:40+00:00\" \/>\n<meta property=\"og:image\" content=\"https:\/\/www.aritco.com\/wp-content\/uploads\/2025\/02\/LiftGuide-configurator.jpg\" \/>\n\t<meta property=\"og:image:width\" content=\"1400\" \/>\n\t<meta property=\"og:image:height\" content=\"933\" \/>\n\t<meta property=\"og:image:type\" content=\"image\/jpeg\" \/>\n<meta name=\"twitter:card\" content=\"summary_large_image\" \/>\n<meta name=\"twitter:label1\" content=\"Gesch\u00e4tzte Lesezeit\" \/>\n\t<meta name=\"twitter:data1\" content=\"1\u00a0Minute\" \/>\n<script type=\"application\/ld+json\" class=\"yoast-schema-graph\">{\"@context\":\"https:\/\/schema.org\",\"@graph\":[{\"@type\":\"WebPage\",\"@id\":\"https:\/\/www.aritco.com\/de\/produkte\/liftguide\/\",\"url\":\"https:\/\/www.aritco.com\/de\/produkte\/liftguide\/\",\"name\":\"Gestalten Sie hier Ihren Privataufzug - LiftGuide - Aritco\",\"isPartOf\":{\"@id\":\"https:\/\/www.aritco.com\/de\/#website\"},\"primaryImageOfPage\":{\"@id\":\"https:\/\/www.aritco.com\/de\/produkte\/liftguide\/#primaryimage\"},\"image\":{\"@id\":\"https:\/\/www.aritco.com\/de\/produkte\/liftguide\/#primaryimage\"},\"thumbnailUrl\":\"https:\/\/www.aritco.com\/wp-content\/uploads\/2025\/02\/LiftGuide-configurator.jpg\",\"datePublished\":\"2020-09-07T12:30:33+00:00\",\"dateModified\":\"2025-10-13T13:29:40+00:00\",\"description\":\"In unserem LiftGuide k\u00f6nnen Sie Ihren eigenen Privataufzug entwerfen. Sie k\u00f6nnen verschiedene Gr\u00f6\u00dfen, Farben, Gl\u00e4ser, B\u00f6den, usw ausprobieren.\",\"breadcrumb\":{\"@id\":\"https:\/\/www.aritco.com\/de\/produkte\/liftguide\/#breadcrumb\"},\"inLanguage\":\"de\",\"potentialAction\":[{\"@type\":\"ReadAction\",\"target\":[\"https:\/\/www.aritco.com\/de\/produkte\/liftguide\/\"]}]},{\"@type\":\"ImageObject\",\"inLanguage\":\"de\",\"@id\":\"https:\/\/www.aritco.com\/de\/produkte\/liftguide\/#primaryimage\",\"url\":\"https:\/\/www.aritco.com\/wp-content\/uploads\/2025\/02\/LiftGuide-configurator.jpg\",\"contentUrl\":\"https:\/\/www.aritco.com\/wp-content\/uploads\/2025\/02\/LiftGuide-configurator.jpg\",\"width\":1400,\"height\":933},{\"@type\":\"BreadcrumbList\",\"@id\":\"https:\/\/www.aritco.com\/de\/produkte\/liftguide\/#breadcrumb\",\"itemListElement\":[{\"@type\":\"ListItem\",\"position\":1,\"name\":\"Produkte\",\"item\":\"https:\/\/www.aritco.com\/de\/produkte\/\"},{\"@type\":\"ListItem\",\"position\":2,\"name\":\"Liftguide\"}]},{\"@type\":\"WebSite\",\"@id\":\"https:\/\/www.aritco.com\/de\/#website\",\"url\":\"https:\/\/www.aritco.com\/de\/\",\"name\":\"Aritco\",\"description\":\"Award-winning lifts for homes and public and commercial use\",\"publisher\":{\"@id\":\"https:\/\/www.aritco.com\/de\/#organization\"},\"potentialAction\":[{\"@type\":\"SearchAction\",\"target\":{\"@type\":\"EntryPoint\",\"urlTemplate\":\"https:\/\/www.aritco.com\/de\/?s={search_term_string}\"},\"query-input\":{\"@type\":\"PropertyValueSpecification\",\"valueRequired\":true,\"valueName\":\"search_term_string\"}}],\"inLanguage\":\"de\"},{\"@type\":\"Organization\",\"@id\":\"https:\/\/www.aritco.com\/de\/#organization\",\"name\":\"Aritco\",\"url\":\"https:\/\/www.aritco.com\/de\/\",\"logo\":{\"@type\":\"ImageObject\",\"inLanguage\":\"de\",\"@id\":\"https:\/\/www.aritco.com\/de\/#\/schema\/logo\/image\/\",\"url\":\"https:\/\/www.aritco.com\/wp-content\/uploads\/2019\/05\/vertical-3.svg\",\"contentUrl\":\"https:\/\/www.aritco.com\/wp-content\/uploads\/2019\/05\/vertical-3.svg\",\"width\":1,\"height\":1,\"caption\":\"Aritco\"},\"image\":{\"@id\":\"https:\/\/www.aritco.com\/de\/#\/schema\/logo\/image\/\"},\"publishingPrinciples\":\"https:\/\/www.aritco.com\/about-aritco\/\"}]}<\/script>\n<!-- \/ Yoast SEO Premium plugin. -->","yoast_head_json":{"title":"Gestalten Sie hier Ihren Privataufzug - LiftGuide - Aritco","description":"In unserem LiftGuide k\u00f6nnen Sie Ihren eigenen Privataufzug entwerfen. Sie k\u00f6nnen verschiedene Gr\u00f6\u00dfen, Farben, Gl\u00e4ser, B\u00f6den, usw ausprobieren.","robots":{"index":"index","follow":"follow","max-snippet":"max-snippet:-1","max-image-preview":"max-image-preview:large","max-video-preview":"max-video-preview:-1"},"canonical":"https:\/\/www.aritco.com\/de\/produkte\/liftguide\/","og_locale":"de_DE","og_type":"article","og_title":"Liftguide","og_description":"In unserem LiftGuide k\u00f6nnen Sie Ihren eigenen Privataufzug entwerfen. Sie k\u00f6nnen verschiedene Gr\u00f6\u00dfen, Farben, Gl\u00e4ser, B\u00f6den, Beleuchtungen usw. ausprobieren, um Ihre individuelle L\u00f6sung zusammenzustellen. Sie k\u00f6nnen auch ein Angebot f\u00fcr das Design anfordern, das Sie ausgew\u00e4hlt haben.","og_url":"https:\/\/www.aritco.com\/de\/produkte\/liftguide\/","og_site_name":"Aritco","article_modified_time":"2025-10-13T13:29:40+00:00","og_image":[{"width":1400,"height":933,"url":"https:\/\/www.aritco.com\/wp-content\/uploads\/2025\/02\/LiftGuide-configurator.jpg","type":"image\/jpeg"}],"twitter_card":"summary_large_image","twitter_misc":{"Gesch\u00e4tzte Lesezeit":"1\u00a0Minute"},"schema":{"@context":"https:\/\/schema.org","@graph":[{"@type":"WebPage","@id":"https:\/\/www.aritco.com\/de\/produkte\/liftguide\/","url":"https:\/\/www.aritco.com\/de\/produkte\/liftguide\/","name":"Gestalten Sie hier Ihren Privataufzug - LiftGuide - Aritco","isPartOf":{"@id":"https:\/\/www.aritco.com\/de\/#website"},"primaryImageOfPage":{"@id":"https:\/\/www.aritco.com\/de\/produkte\/liftguide\/#primaryimage"},"image":{"@id":"https:\/\/www.aritco.com\/de\/produkte\/liftguide\/#primaryimage"},"thumbnailUrl":"https:\/\/www.aritco.com\/wp-content\/uploads\/2025\/02\/LiftGuide-configurator.jpg","datePublished":"2020-09-07T12:30:33+00:00","dateModified":"2025-10-13T13:29:40+00:00","description":"In unserem LiftGuide k\u00f6nnen Sie Ihren eigenen Privataufzug entwerfen. Sie k\u00f6nnen verschiedene Gr\u00f6\u00dfen, Farben, Gl\u00e4ser, B\u00f6den, usw ausprobieren.","breadcrumb":{"@id":"https:\/\/www.aritco.com\/de\/produkte\/liftguide\/#breadcrumb"},"inLanguage":"de","potentialAction":[{"@type":"ReadAction","target":["https:\/\/www.aritco.com\/de\/produkte\/liftguide\/"]}]},{"@type":"ImageObject","inLanguage":"de","@id":"https:\/\/www.aritco.com\/de\/produkte\/liftguide\/#primaryimage","url":"https:\/\/www.aritco.com\/wp-content\/uploads\/2025\/02\/LiftGuide-configurator.jpg","contentUrl":"https:\/\/www.aritco.com\/wp-content\/uploads\/2025\/02\/LiftGuide-configurator.jpg","width":1400,"height":933},{"@type":"BreadcrumbList","@id":"https:\/\/www.aritco.com\/de\/produkte\/liftguide\/#breadcrumb","itemListElement":[{"@type":"ListItem","position":1,"name":"Produkte","item":"https:\/\/www.aritco.com\/de\/produkte\/"},{"@type":"ListItem","position":2,"name":"Liftguide"}]},{"@type":"WebSite","@id":"https:\/\/www.aritco.com\/de\/#website","url":"https:\/\/www.aritco.com\/de\/","name":"Aritco","description":"Award-winning lifts for homes and public and commercial use","publisher":{"@id":"https:\/\/www.aritco.com\/de\/#organization"},"potentialAction":[{"@type":"SearchAction","target":{"@type":"EntryPoint","urlTemplate":"https:\/\/www.aritco.com\/de\/?s={search_term_string}"},"query-input":{"@type":"PropertyValueSpecification","valueRequired":true,"valueName":"search_term_string"}}],"inLanguage":"de"},{"@type":"Organization","@id":"https:\/\/www.aritco.com\/de\/#organization","name":"Aritco","url":"https:\/\/www.aritco.com\/de\/","logo":{"@type":"ImageObject","inLanguage":"de","@id":"https:\/\/www.aritco.com\/de\/#\/schema\/logo\/image\/","url":"https:\/\/www.aritco.com\/wp-content\/uploads\/2019\/05\/vertical-3.svg","contentUrl":"https:\/\/www.aritco.com\/wp-content\/uploads\/2019\/05\/vertical-3.svg","width":1,"height":1,"caption":"Aritco"},"image":{"@id":"https:\/\/www.aritco.com\/de\/#\/schema\/logo\/image\/"},"publishingPrinciples":"https:\/\/www.aritco.com\/about-aritco\/"}]}},"_links":{"self":[{"href":"https:\/\/www.aritco.com\/de\/wp-json\/wp\/v2\/pages\/11833","targetHints":{"allow":["GET"]}}],"collection":[{"href":"https:\/\/www.aritco.com\/de\/wp-json\/wp\/v2\/pages"}],"about":[{"href":"https:\/\/www.aritco.com\/de\/wp-json\/wp\/v2\/types\/page"}],"author":[{"embeddable":true,"href":"https:\/\/www.aritco.com\/de\/wp-json\/wp\/v2\/users\/12"}],"replies":[{"embeddable":true,"href":"https:\/\/www.aritco.com\/de\/wp-json\/wp\/v2\/comments?post=11833"}],"version-history":[{"count":9,"href":"https:\/\/www.aritco.com\/de\/wp-json\/wp\/v2\/pages\/11833\/revisions"}],"predecessor-version":[{"id":63200,"href":"https:\/\/www.aritco.com\/de\/wp-json\/wp\/v2\/pages\/11833\/revisions\/63200"}],"up":[{"embeddable":true,"href":"https:\/\/www.aritco.com\/de\/wp-json\/wp\/v2\/pages\/7069"}],"wp:featuredmedia":[{"embeddable":true,"href":"https:\/\/www.aritco.com\/de\/wp-json\/wp\/v2\/media\/58906"}],"wp:attachment":[{"href":"https:\/\/www.aritco.com\/de\/wp-json\/wp\/v2\/media?parent=11833"}],"curies":[{"name":"wp","href":"https:\/\/api.w.org\/{rel}","templated":true}]}}